{"id":29,"date":"2016-09-28T09:36:06","date_gmt":"2016-09-28T09:36:06","guid":{"rendered":"http:\/\/ullensvangfruktlager.no\/?page_id=29"},"modified":"2023-02-07T07:45:39","modified_gmt":"2023-02-07T07:45:39","slug":"fruktklienten","status":"publish","type":"page","link":"https:\/\/ullensvangfruktlager.no\/?page_id=29","title":{"rendered":"Fruktklienten"},"content":{"rendered":"\n<p>FruktKlient er eit leiande logistikkprogramvare for pakkeri og fruktlager i Noreg.<\/p>\n\n\n\n<p>18 fruktlager og 25 underpakkeri i Noreg brukar denne programvara innan frukt, b\u00e6r, gr\u00f8nsaker, poteter, gulr\u00f8ter og l\u00f8k. Fruktklienten kommuniserar med 5 ulike sorteringsanlegg, mange ulike vekter, strekkodelesarar, magnetkortlesarar og bl\u00e5tann-temperaturprober for kontroll av temperatur ved mottak\/f\u00f8resending.<\/p>\n\n\n\n<p>Ideen til dagleg leiar i Idata, \u00d8ystein Spilde, var at han ynskja eit system der b\u00e5e produsentar og pakkeri kunne samhandla, og at informasjon kunne flyte lett mellom produsent og pakkeri.<\/p>\n\n\n\n<p>Du som produsent kan laste ned Fruktklienten til din data eller som app p\u00e5 mobil.<\/p>\n\n\n\n<p><b>Link til nedlasting av Fruktklienten: <\/b><\/p>\n\n\n\n<p><a href=\"https:\/\/fruktklient.no\/download\/InstallFruktKlient.zip\">https:\/\/fruktklient.no\/download\/InstallFruktKlient.zip<\/a><\/p>\n\n\n\n<p>Install kode Ullensvang: 20005as\u00a0<\/p>\n\n\n\n<p>Servernamn: fruktklient.ullensvangfruktlager.no<\/p>\n\n\n\n<p>Rettleiing til bruk finn du <a href=\"http:\/\/fruktklient.no\/support\/\">her.<\/a><\/p>\n\n\n\n<figure class=\"wp-block-image size-large is-resized\"><img loading=\"lazy\" decoding=\"async\" src=\"http:\/\/ullensvangfruktlager.no\/wp-content\/uploads\/2021\/06\/cropped-forsidebilde2-1024x399.jpg\" alt=\"\" class=\"wp-image-219\" width=\"835\" height=\"325\" srcset=\"https:\/\/ullensvangfruktlager.no\/wp-content\/uploads\/2021\/06\/cropped-forsidebilde2-1024x399.jpg 1024w, https:\/\/ullensvangfruktlager.no\/wp-content\/uploads\/2021\/06\/cropped-forsidebilde2-300x117.jpg 300w, https:\/\/ullensvangfruktlager.no\/wp-content\/uploads\/2021\/06\/cropped-forsidebilde2-768x299.jpg 768w, https:\/\/ullensvangfruktlager.no\/wp-content\/uploads\/2021\/06\/cropped-forsidebilde2-1536x598.jpg 1536w, https:\/\/ullensvangfruktlager.no\/wp-content\/uploads\/2021\/06\/cropped-forsidebilde2-680x265.jpg 680w, https:\/\/ullensvangfruktlager.no\/wp-content\/uploads\/2021\/06\/cropped-forsidebilde2-540x210.jpg 540w, https:\/\/ullensvangfruktlager.no\/wp-content\/uploads\/2021\/06\/cropped-forsidebilde2.jpg 1920w\" sizes=\"(max-width: 835px) 100vw, 835px\" \/><\/figure>\n","protected":false},"excerpt":{"rendered":"<p>FruktKlient er eit leiande logistikkprogramvare for pakkeri og fruktlager i Noreg. 18 fruktlager og 25 underpakkeri i Noreg brukar denne programvara innan frukt, b\u00e6r, gr\u00f8nsaker, poteter, gulr\u00f8ter og l\u00f8k. Fruktklienten&nbsp;[&hellip;]<\/p>\n","protected":false},"author":3,"featured_media":155,"parent":0,"menu_order":0,"comment_status":"closed","ping_status":"closed","template":"","meta":{"footnotes":""},"_links":{"self":[{"href":"https:\/\/ullensvangfruktlager.no\/index.php?rest_route=\/wp\/v2\/pages\/29"}],"collection":[{"href":"https:\/\/ullensvangfruktlager.no\/index.php?rest_route=\/wp\/v2\/pages"}],"about":[{"href":"https:\/\/ullensvangfruktlager.no\/index.php?rest_route=\/wp\/v2\/types\/page"}],"author":[{"embeddable":true,"href":"https:\/\/ullensvangfruktlager.no\/index.php?rest_route=\/wp\/v2\/users\/3"}],"replies":[{"embeddable":true,"href":"https:\/\/ullensvangfruktlager.no\/index.php?rest_route=%2Fwp%2Fv2%2Fcomments&post=29"}],"version-history":[{"count":13,"href":"https:\/\/ullensvangfruktlager.no\/index.php?rest_route=\/wp\/v2\/pages\/29\/revisions"}],"predecessor-version":[{"id":324,"href":"https:\/\/ullensvangfruktlager.no\/index.php?rest_route=\/wp\/v2\/pages\/29\/revisions\/324"}],"wp:featuredmedia":[{"embeddable":true,"href":"https:\/\/ullensvangfruktlager.no\/index.php?rest_route=\/wp\/v2\/media\/155"}],"wp:attachment":[{"href":"https:\/\/ullensvangfruktlager.no\/index.php?rest_route=%2Fwp%2Fv2%2Fmedia&parent=29"}],"curies":[{"name":"wp","href":"https:\/\/api.w.org\/{rel}","templated":true}]}}