{"id":230,"date":"2021-06-14T08:32:21","date_gmt":"2021-06-14T08:32:21","guid":{"rendered":"http:\/\/ullensvangfruktlager.no\/?page_id=230"},"modified":"2021-06-14T09:47:33","modified_gmt":"2021-06-14T09:47:33","slug":"geografisk-beskytta-nemning","status":"publish","type":"page","link":"https:\/\/ullensvangfruktlager.no\/?page_id=230","title":{"rendered":"Geografisk Beskytta Nemning"},"content":{"rendered":"\n<p>P\u00e5 bakgrunn av historia og dei rike tradisjonane for fruktdyrking i Hardanger, har eple, plomme, p\u00e6rer og moreller dyrka i denne regionen oppn\u00e5dd status som Beskytta Geografisk Nemning i Matmerk si merkeordning. Dette er ei h\u00f8gthengjande anerkjenning av den innsatsen som er gjort i uminnelege tider, og eit symbol p\u00e5 den s\u00e6reigne stillinga fruktdyrking i Hardanger har.<\/p>\n\n\n\n<p><\/p>\n\n\n\n<p><\/p>\n\n\n\n<figure class=\"wp-block-image size-large\"><img loading=\"lazy\" decoding=\"async\" width=\"780\" height=\"439\" src=\"http:\/\/ullensvangfruktlager.no\/wp-content\/uploads\/2021\/06\/dfiqwrior70rafzgwvmu.png-3.jpeg\" alt=\"\" class=\"wp-image-231\" srcset=\"https:\/\/ullensvangfruktlager.no\/wp-content\/uploads\/2021\/06\/dfiqwrior70rafzgwvmu.png-3.jpeg 780w, https:\/\/ullensvangfruktlager.no\/wp-content\/uploads\/2021\/06\/dfiqwrior70rafzgwvmu.png-3-300x169.jpeg 300w, https:\/\/ullensvangfruktlager.no\/wp-content\/uploads\/2021\/06\/dfiqwrior70rafzgwvmu.png-3-768x432.jpeg 768w, https:\/\/ullensvangfruktlager.no\/wp-content\/uploads\/2021\/06\/dfiqwrior70rafzgwvmu.png-3-680x383.jpeg 680w, https:\/\/ullensvangfruktlager.no\/wp-content\/uploads\/2021\/06\/dfiqwrior70rafzgwvmu.png-3-540x304.jpeg 540w\" sizes=\"(max-width: 780px) 100vw, 780px\" \/><\/figure>\n","protected":false},"excerpt":{"rendered":"<p>P\u00e5 bakgrunn av historia og dei rike tradisjonane for fruktdyrking i Hardanger, har eple, plomme, p\u00e6rer og moreller dyrka i denne regionen oppn\u00e5dd status som Beskytta Geografisk Nemning i Matmerk&nbsp;[&hellip;]<\/p>\n","protected":false},"author":4,"featured_media":0,"parent":0,"menu_order":0,"comment_status":"closed","ping_status":"closed","template":"","meta":{"footnotes":""},"_links":{"self":[{"href":"https:\/\/ullensvangfruktlager.no\/index.php?rest_route=\/wp\/v2\/pages\/230"}],"collection":[{"href":"https:\/\/ullensvangfruktlager.no\/index.php?rest_route=\/wp\/v2\/pages"}],"about":[{"href":"https:\/\/ullensvangfruktlager.no\/index.php?rest_route=\/wp\/v2\/types\/page"}],"author":[{"embeddable":true,"href":"https:\/\/ullensvangfruktlager.no\/index.php?rest_route=\/wp\/v2\/users\/4"}],"replies":[{"embeddable":true,"href":"https:\/\/ullensvangfruktlager.no\/index.php?rest_route=%2Fwp%2Fv2%2Fcomments&post=230"}],"version-history":[{"count":1,"href":"https:\/\/ullensvangfruktlager.no\/index.php?rest_route=\/wp\/v2\/pages\/230\/revisions"}],"predecessor-version":[{"id":232,"href":"https:\/\/ullensvangfruktlager.no\/index.php?rest_route=\/wp\/v2\/pages\/230\/revisions\/232"}],"wp:attachment":[{"href":"https:\/\/ullensvangfruktlager.no\/index.php?rest_route=%2Fwp%2Fv2%2Fmedia&parent=230"}],"curies":[{"name":"wp","href":"https:\/\/api.w.org\/{rel}","templated":true}]}}