{"id":204,"date":"2021-06-14T07:19:25","date_gmt":"2021-06-14T07:19:25","guid":{"rendered":"http:\/\/ullensvangfruktlager.no\/?page_id=204"},"modified":"2021-06-14T07:29:16","modified_gmt":"2021-06-14T07:29:16","slug":"velkommen","status":"publish","type":"page","link":"https:\/\/ullensvangfruktlager.no\/","title":{"rendered":"Velkommen"},"content":{"rendered":"\n<p>I fjordkanten p\u00e5 Lofthus i Hardanger og med utsyn over fonna, ligg Ullensvang Fruktlager SA. Me tek imot eple, plommer, p\u00e6rer og moreller fr\u00e5 fruktdyrkarar ved austsida av S\u00f8rfjorden i Hardanger. Hj\u00e5 oss vert frukta lagra, sortert og pakka for vidare sal til butikkar over heile landet.<\/p>\n\n\n\n<p><\/p>\n\n\n\n<p><\/p>\n","protected":false},"excerpt":{"rendered":"<p>I fjordkanten p\u00e5 Lofthus i Hardanger og med utsyn over fonna, ligg Ullensvang Fruktlager SA. Me tek imot eple, plommer, p\u00e6rer og moreller fr\u00e5 fruktdyrkarar ved austsida av S\u00f8rfjorden i&nbsp;[&hellip;]<\/p>\n","protected":false},"author":4,"featured_media":0,"parent":0,"menu_order":0,"comment_status":"closed","ping_status":"closed","template":"","meta":{"footnotes":""},"_links":{"self":[{"href":"https:\/\/ullensvangfruktlager.no\/index.php?rest_route=\/wp\/v2\/pages\/204"}],"collection":[{"href":"https:\/\/ullensvangfruktlager.no\/index.php?rest_route=\/wp\/v2\/pages"}],"about":[{"href":"https:\/\/ullensvangfruktlager.no\/index.php?rest_route=\/wp\/v2\/types\/page"}],"author":[{"embeddable":true,"href":"https:\/\/ullensvangfruktlager.no\/index.php?rest_route=\/wp\/v2\/users\/4"}],"replies":[{"embeddable":true,"href":"https:\/\/ullensvangfruktlager.no\/index.php?rest_route=%2Fwp%2Fv2%2Fcomments&post=204"}],"version-history":[{"count":3,"href":"https:\/\/ullensvangfruktlager.no\/index.php?rest_route=\/wp\/v2\/pages\/204\/revisions"}],"predecessor-version":[{"id":218,"href":"https:\/\/ullensvangfruktlager.no\/index.php?rest_route=\/wp\/v2\/pages\/204\/revisions\/218"}],"wp:attachment":[{"href":"https:\/\/ullensvangfruktlager.no\/index.php?rest_route=%2Fwp%2Fv2%2Fmedia&parent=204"}],"curies":[{"name":"wp","href":"https:\/\/api.w.org\/{rel}","templated":true}]}}